{"id":5700,"date":"2016-11-06T02:05:25","date_gmt":"2016-11-06T01:05:25","guid":{"rendered":"https:\/\/barnenshus.nu\/?page_id=5700"},"modified":"2025-10-01T20:07:59","modified_gmt":"2025-10-01T18:07:59","slug":"oppettider","status":"publish","type":"page","link":"https:\/\/barnenshus.nu\/?page_id=5700","title":{"rendered":"\u00d6ppettider"},"content":{"rendered":"<p><span style=\"color: #999999;\"><em>Barnens Hus \/ \u00d6ppettider<\/em><\/span><\/p>\n<p><span style=\"color: #000000;\">F\u00d6RSKOLANS \u00d6PPETTIDER<\/span><br \/>\n<span style=\"color: #000000;\">F\u00f6rskolan erbjuder barnomsorg 06:00 &#8211; 19:00. Omsorgen omfattar de tider du arbetar eller studerar.<\/span><\/p>\n<p>Inom ramen f\u00f6r \u00f6ppettiderna anpassar f\u00f6rskolan \u00f6ppettider och personalens scheman efter barnens scheman. Det \u00e4r d\u00e4rf\u00f6r viktigt att du som v\u00e5rdnadshavare i god tid meddelar om du beh\u00f6ver \u00e4ndra den anm\u00e4lda n\u00e4rvarotiden.<\/p>\n<p>F\u00f6rskolan har m\u00f6jlighet att h\u00e5lla st\u00e4ngt fyra dagar varje \u00e5r f\u00f6r att ge personalen m\u00f6jligheter till fortbildning, planering, utv\u00e4rdering och uppf\u00f6ljning av utbildningen.<\/p>\n<p>Under sommaren kan f\u00f6rskolan st\u00e4nga under n\u00e5gra veckor.<\/p>\n<p>Information om vilka dagar f\u00f6rskolan h\u00e5ller st\u00e4ngt ges i god tid. Om ni beh\u00f6ver omsorg p\u00e5 grund av arbete eller studier under de veckor f\u00f6rskolan h\u00e5ller st\u00e4ngt p\u00e5 sommaren kan f\u00f6rskolan k\u00f6pa in plats vid annan f\u00f6rskola. Det kr\u00e4vs d\u00e5 ett intyg fr\u00e5n din arbetsgivare eller skola som styrker att du arbetar\/studerar denna tid.<\/p>\n<p><span style=\"color: #000000;\">BARNETS VISTELSETID<\/span><br \/>\n<span style=\"color: #000000;\"> Grunden f\u00f6r omsorgen och barnets schema \u00e4r tiden d\u00e5 v\u00e5rdnadshavare arbetar, studerar samt sk\u00e4lig restid till och fr\u00e5n arbete\/skola. Det inneb\u00e4r att barnet \u00e4r ledigt d\u00e5 du \u00e4r ledig fr\u00e5n arbete eller studier.<\/span><\/p>\n<p>Det \u00e4r viktigt att du skriver in och kontinuerligt uppdaterar barnets schema i v\u00e5r f\u00f6rskoleapp TYRA.<\/p>\n<p>Du fyller ocks\u00e5 i planerad ledighet och uppdaterar vid oplanerad fr\u00e5nvaro, till exempel vid sjukdom.<\/p>\n<p><span style=\"color: #000000;\"><em>Allm\u00e4n f\u00f6rskola. <\/em>Alla barn i \u00e5ldern 3 -5 \u00e5r har r\u00e4tt att vara p\u00e5 f\u00f6rskolan 15 timmar i veckan under skolans l\u00e4s\u00e5r. Detta kallas allm\u00e4n f\u00f6rskola, \u00e4r avgiftsfritt och g\u00e4ller from augusti det \u00e5r barnet fyller tre. Tidens utl\u00e4ggning kan variera mellan olika f\u00f6rskolor, och beslutas av rektor. P\u00e5 Barnens Hus \u00e4r tiden tisdag-torsdag 8.30-13.30, ledig skolans lov.<\/span><\/p>\n<p><em>N\u00e4r du \u00e4r f\u00f6r\u00e4ldraledig\u00a0<\/em>har \u00e4ldre syskon 1-5 \u00e5r r\u00e4tt att vara p\u00e5 f\u00f6rskolan 15 timmar i veckan. F\u00f6r barn under 3 \u00e5r betalar du d\u00e5 avgift. F\u00f6r barn \u00f6ver 3 \u00e5r betalar du avgift endast om du l\u00e4mnar ditt barn p\u00e5 skolans lov. Tiderna \u00e4r desamma som f\u00f6r allm\u00e4n f\u00f6rskola. Om du v\u00e4ljer att l\u00e4mna ditt barn p\u00e5 lov betalar du f\u00f6r hel m\u00e5nad \u00e4ven om du l\u00e4mnar enstaka dagar.<\/p>\n<p><em>Om du har graviditetspeng<\/em> har \u00e4ldre syskon 1-5 \u00e5r r\u00e4tt att vara p\u00e5 f\u00f6rskolan 15 timmar i veckan. F\u00f6r barn under 3 \u00e5r betalar du d\u00e5 avgift. F\u00f6r barn \u00f6ver 3 \u00e5r betalar du avgift endast om du l\u00e4mnar ditt barn p\u00e5 skolans lov. Tiderna \u00e4r desamma som f\u00f6r allm\u00e4n f\u00f6rskola.<\/p>\n<p><em>\u00c4r du arbetss\u00f6kande\u00a0<\/em>har ditt barn som \u00e4r 1-5 \u00e5r r\u00e4tt att vara p\u00e5 f\u00f6rskolan 15 timmar i veckan. F\u00f6r barn under 3 \u00e5r betalar du d\u00e5 avgift. F\u00f6r barn \u00f6ver 3 \u00e5r betalar du avgift endast om du l\u00e4mnar ditt barn p\u00e5 skolans lov. Tiderna \u00e4r desamma som f\u00f6r allm\u00e4n f\u00f6rskola.<\/p>\n<p>Obs! Om du redan har barnomsorg men minskar vistelsetiden f\u00f6r ditt barn till 15 timmar per vecka \u00e4r det viktigt att du meddelar rektor till info@barnenshus.nu f\u00f6r att din faktura ska bli r\u00e4tt. Du \u00e4ndrar ocks\u00e5 tiderna i v\u00e5r f\u00f6rskoleapp TYRA.<\/p>\n<p>Har ditt barn en 15-timmarsplats och du \u00f6nskar plats \u00e4ven vid skollov beh\u00f6ver du ocks\u00e5 i god tid meddela rektor till info@barnenshus.nu<\/p>\n<p>Lovdagar \u00e4r inte kostnadsfria. Du kommer att f\u00e5 avgift f\u00f6r hel m\u00e5nad om du till exempel har barnomsorg under sportlovet.<\/p>\n<p><em>Om du \u00e4r tillf\u00e4lligt ledig\u00a0<\/em>n\u00e5gon enstaka dag kan du komma \u00f6verens med din f\u00f6rskola om att ditt barn \u00e4nd\u00e5 f\u00e5r utnyttja sin plats. Under din huvudsakliga semester f\u00f6ruts\u00e4tter vi att \u00e4ven barnet \u00e4r ledigt.<\/p>\n<p><span style=\"color: #000000;\">\u00a0<\/span><\/p>\n","protected":false},"excerpt":{"rendered":"<p>Barnens Hus \/ \u00d6ppettider F\u00d6RSKOLANS \u00d6PPETTIDER F\u00f6rskolan erbjuder barnomsorg 06:00 &#8211; 19:00. Omsorgen omfattar de tider du arbetar eller studerar. Inom ramen f\u00f6r \u00f6ppettiderna anpassar f\u00f6rskolan \u00f6ppettider och personalens scheman efter barnens scheman. Det \u00e4r d\u00e4rf\u00f6r viktigt att du som v\u00e5rdnadshavare i god tid meddelar om du beh\u00f6ver \u00e4ndra den anm\u00e4lda n\u00e4rvarotiden. F\u00f6rskolan har m\u00f6jlighet&#8230; <\/p>\n","protected":false},"author":1,"featured_media":0,"parent":233,"menu_order":0,"comment_status":"closed","ping_status":"closed","template":"full-width.php","meta":[],"_links":{"self":[{"href":"https:\/\/barnenshus.nu\/index.php?rest_route=\/wp\/v2\/pages\/5700"}],"collection":[{"href":"https:\/\/barnenshus.nu\/index.php?rest_route=\/wp\/v2\/pages"}],"about":[{"href":"https:\/\/barnenshus.nu\/index.php?rest_route=\/wp\/v2\/types\/page"}],"author":[{"embeddable":true,"href":"https:\/\/barnenshus.nu\/index.php?rest_route=\/wp\/v2\/users\/1"}],"replies":[{"embeddable":true,"href":"https:\/\/barnenshus.nu\/index.php?rest_route=%2Fwp%2Fv2%2Fcomments&post=5700"}],"version-history":[{"count":21,"href":"https:\/\/barnenshus.nu\/index.php?rest_route=\/wp\/v2\/pages\/5700\/revisions"}],"predecessor-version":[{"id":6088,"href":"https:\/\/barnenshus.nu\/index.php?rest_route=\/wp\/v2\/pages\/5700\/revisions\/6088"}],"up":[{"embeddable":true,"href":"https:\/\/barnenshus.nu\/index.php?rest_route=\/wp\/v2\/pages\/233"}],"wp:attachment":[{"href":"https:\/\/barnenshus.nu\/index.php?rest_route=%2Fwp%2Fv2%2Fmedia&parent=5700"}],"curies":[{"name":"wp","href":"https:\/\/api.w.org\/{rel}","templated":true}]}}