{"id":5659,"date":"2016-11-06T00:27:30","date_gmt":"2016-11-05T23:27:30","guid":{"rendered":"https:\/\/barnenshus.nu\/?page_id=5659"},"modified":"2025-10-01T20:09:44","modified_gmt":"2025-10-01T18:09:44","slug":"avgifter","status":"publish","type":"page","link":"https:\/\/barnenshus.nu\/?page_id=5659","title":{"rendered":"M\u00e5nadsavgift"},"content":{"rendered":"<p><span style=\"color: #999999;\"><em>Barnens Hus\u00a0\/\u00a0M\u00e5nadsavgift<\/em><\/span><\/p>\n<p>Hur mycket du ska betala beror p\u00e5 hur stor inkomst du har. Du betalar den h\u00f6gsta avgiften(maxtaxa) om du och ditt hush\u00e5ll tj\u00e4nar 59 440 kronor i m\u00e5naden eller mer f\u00f6re skatt(2025).<\/p>\n<p><a href=\"https:\/\/www.jonkoping.se\/barn--utbildning\/forskola-och-annan-pedagogisk-verksamhet\/avgift-for-forskola-och-pedagogisk-omsorg\">Avgift f\u00f6r f\u00f6rskola och pedagogisk omsorg &#8211; J\u00f6nk\u00f6pings kommun<\/a><\/p>\n<p>Avgiften ber\u00e4knad p\u00e5 de uppgifter om inkomst du l\u00e4mnat till f\u00f6rskolan.<\/p>\n<p>Det \u00e4r viktigt att du anm\u00e4ler \u00e4ndrad inkomst till rektor info@barnenshus.nu<\/p>\n<div id=\"svid12_11bf62f315e5113dcb7cee\" class=\"sv-text-portlet sv-use-margins\">\n<div class=\"sv-text-portlet-content\"><\/div>\n<\/div>\n","protected":false},"excerpt":{"rendered":"<p>Barnens Hus\u00a0\/\u00a0M\u00e5nadsavgift Hur mycket du ska betala beror p\u00e5 hur stor inkomst du har. Du betalar den h\u00f6gsta avgiften(maxtaxa) om du och ditt hush\u00e5ll tj\u00e4nar 59 440 kronor i m\u00e5naden eller mer f\u00f6re skatt(2025). Avgift f\u00f6r f\u00f6rskola och pedagogisk omsorg &#8211; J\u00f6nk\u00f6pings kommun Avgiften ber\u00e4knad p\u00e5 de uppgifter om inkomst du l\u00e4mnat till f\u00f6rskolan. Det&#8230; <\/p>\n","protected":false},"author":1,"featured_media":0,"parent":233,"menu_order":0,"comment_status":"closed","ping_status":"closed","template":"full-width.php","meta":[],"_links":{"self":[{"href":"https:\/\/barnenshus.nu\/index.php?rest_route=\/wp\/v2\/pages\/5659"}],"collection":[{"href":"https:\/\/barnenshus.nu\/index.php?rest_route=\/wp\/v2\/pages"}],"about":[{"href":"https:\/\/barnenshus.nu\/index.php?rest_route=\/wp\/v2\/types\/page"}],"author":[{"embeddable":true,"href":"https:\/\/barnenshus.nu\/index.php?rest_route=\/wp\/v2\/users\/1"}],"replies":[{"embeddable":true,"href":"https:\/\/barnenshus.nu\/index.php?rest_route=%2Fwp%2Fv2%2Fcomments&post=5659"}],"version-history":[{"count":36,"href":"https:\/\/barnenshus.nu\/index.php?rest_route=\/wp\/v2\/pages\/5659\/revisions"}],"predecessor-version":[{"id":6089,"href":"https:\/\/barnenshus.nu\/index.php?rest_route=\/wp\/v2\/pages\/5659\/revisions\/6089"}],"up":[{"embeddable":true,"href":"https:\/\/barnenshus.nu\/index.php?rest_route=\/wp\/v2\/pages\/233"}],"wp:attachment":[{"href":"https:\/\/barnenshus.nu\/index.php?rest_route=%2Fwp%2Fv2%2Fmedia&parent=5659"}],"curies":[{"name":"wp","href":"https:\/\/api.w.org\/{rel}","templated":true}]}}