{"id":5565,"date":"2016-11-05T00:02:48","date_gmt":"2016-11-04T23:02:48","guid":{"rendered":"https:\/\/barnenshus.nu\/?page_id=5565"},"modified":"2020-05-04T12:42:07","modified_gmt":"2020-05-04T10:42:07","slug":"schemaandring","status":"publish","type":"page","link":"https:\/\/barnenshus.nu\/?page_id=5565","title":{"rendered":"Schema\u00e4ndring"},"content":{"rendered":"<p><span style=\"color: #999999;\"><em>Medlemssidor \/ Schema\u00e4ndring<\/em><\/span><\/p>\n<p><span style=\"color: #000000;\">F\u00d6R\u00c4NDRAT SCHEMA<\/span><br \/>\n<span style=\"color: #000000;\"> N\u00e4r vistelsetiden beh\u00f6ver \u00e4ndras f\u00f6r barnet fyller du i en schemablankett och l\u00e4mnar till f\u00f6rskolan eller g\u00f6r \u00e4ndringen direkt i Tyra-appen. Blanketten finns \u00e4ven h\u00e4r nedan och det g\u00e5r \u00e4ven bra att maila in blanketten till rektor.\u00a0<\/span><\/p>\n<p><span style=\"color: #000000;\">Blankett:\u00a0<a href=\"https:\/\/barnenshus.nu\/wp-content\/uploads\/Blanketter\/Barnens_schema.doc\">&#8221;Barnets schema&#8221;<\/a><\/span><\/p>\n<p>&nbsp;<\/p>\n<p><span style=\"color: #000000;\">TILLF\u00c4LLIG \u00c4NDRING AV\u00a0SCHEMA<\/span><br \/>\n<span style=\"color: #000000;\"> Vid tillf\u00e4llig f\u00f6r\u00e4ndring i schemat vill vi att du meddelar oss senast dagen innan. Om flera familjer meddelar samma dag att barnen beh\u00f6ver g\u00e5 l\u00e4ngre \u00e4r det sv\u00e5rt f\u00f6r personalen att r\u00e4cka till. Sj\u00e4lvklart f\u00f6rs\u00f6ker vi l\u00f6sa det om det \u00e4r akut.<\/span><\/p>\n","protected":false},"excerpt":{"rendered":"<p>Medlemssidor \/ Schema\u00e4ndring F\u00d6R\u00c4NDRAT SCHEMA N\u00e4r vistelsetiden beh\u00f6ver \u00e4ndras f\u00f6r barnet fyller du i en schemablankett och l\u00e4mnar till f\u00f6rskolan eller g\u00f6r \u00e4ndringen direkt i Tyra-appen. Blanketten finns \u00e4ven h\u00e4r nedan och det g\u00e5r \u00e4ven bra att maila in blanketten till rektor.\u00a0 Blankett:\u00a0&#8221;Barnets schema&#8221; &nbsp; TILLF\u00c4LLIG \u00c4NDRING AV\u00a0SCHEMA Vid tillf\u00e4llig f\u00f6r\u00e4ndring i schemat vill vi&#8230; <\/p>\n","protected":false},"author":1,"featured_media":0,"parent":236,"menu_order":0,"comment_status":"closed","ping_status":"closed","template":"full-width.php","meta":[],"_links":{"self":[{"href":"https:\/\/barnenshus.nu\/index.php?rest_route=\/wp\/v2\/pages\/5565"}],"collection":[{"href":"https:\/\/barnenshus.nu\/index.php?rest_route=\/wp\/v2\/pages"}],"about":[{"href":"https:\/\/barnenshus.nu\/index.php?rest_route=\/wp\/v2\/types\/page"}],"author":[{"embeddable":true,"href":"https:\/\/barnenshus.nu\/index.php?rest_route=\/wp\/v2\/users\/1"}],"replies":[{"embeddable":true,"href":"https:\/\/barnenshus.nu\/index.php?rest_route=%2Fwp%2Fv2%2Fcomments&post=5565"}],"version-history":[{"count":12,"href":"https:\/\/barnenshus.nu\/index.php?rest_route=\/wp\/v2\/pages\/5565\/revisions"}],"predecessor-version":[{"id":5978,"href":"https:\/\/barnenshus.nu\/index.php?rest_route=\/wp\/v2\/pages\/5565\/revisions\/5978"}],"up":[{"embeddable":true,"href":"https:\/\/barnenshus.nu\/index.php?rest_route=\/wp\/v2\/pages\/236"}],"wp:attachment":[{"href":"https:\/\/barnenshus.nu\/index.php?rest_route=%2Fwp%2Fv2%2Fmedia&parent=5565"}],"curies":[{"name":"wp","href":"https:\/\/api.w.org\/{rel}","templated":true}]}}