{"id":5517,"date":"2016-11-04T22:27:22","date_gmt":"2016-11-04T21:27:22","guid":{"rendered":"https:\/\/barnenshus.nu\/?page_id=5517"},"modified":"2017-02-21T10:29:30","modified_gmt":"2017-02-21T09:29:30","slug":"vara-maltider","status":"publish","type":"page","link":"https:\/\/barnenshus.nu\/?page_id=5517","title":{"rendered":"M\u00e5ltiderna"},"content":{"rendered":"<p><span style=\"color: #999999;\"><em>K\u00f6ket \/ M\u00e5ltiderna<\/em><\/span><\/p>\n<p><span style=\"color: #000000;\">FRUKOST<\/span><br \/>\n<span style=\"color: #000000;\"> Frukosten varieras mellan naturell fil tre dagar per vecka och havregrynsgr\u00f6t tv\u00e5 dagar per vecka. Till detta serveras grovt br\u00f6d, ett till tv\u00e5 p\u00e5l\u00e4gg, f\u00e4rska gr\u00f6nsaker, mj\u00f6lk och vatten. Som s\u00f6tning till gr\u00f6t anv\u00e4nds bland annat b\u00e4r och \u00e4ppelmos. Frukosten serveras klockan 8:00.<\/span><\/p>\n<p>&nbsp;<\/p>\n<p><span style=\"color: #000000;\">FRUKTSTUND<\/span><br \/>\n<span style=\"color: #000000;\"> P\u00e5 f\u00f6rmiddagen f\u00e5r barnen frukt.<\/span><\/p>\n<p>&nbsp;<\/p>\n<p><span style=\"color: #000000;\">LUNCH<\/span><br \/>\n<span style=\"color: #000000;\"> Lunchen varieras under en vecka med en vegetarisk, en fiskr\u00e4tt, en f\u00e5gelr\u00e4tt, en soppa varannan vecka, en-tv\u00e5 k\u00f6ttr\u00e4tter varav korv en g\u00e5ng varannan vecka. Till detta serveras per vecka en dag ris, en pasta, tv\u00e5 dagar potatis och ibland bulgur. Gr\u00f6nsakerna best\u00e5r av en varierad salladstallrik med gr\u00f6nsaker, rotfrukter och baljv\u00e4xter. Det finns \u00e4ven fullkornskn\u00e4cke och som dryck kan barnen v\u00e4lja p\u00e5 mj\u00f6lk och vatten. Till soppan bjuds alltid nybakat br\u00f6d. Lunchen serveras 11:00-11:30, de\u00a0yngre barnen f\u00e5r maten f\u00f6rst och de\u00a0\u00e4ldre n\u00e5got senare.<\/span><\/p>\n<p>&nbsp;<\/p>\n<p><span style=\"color: #000000;\">MELLANM\u00c5L<\/span><br \/>\n<span style=\"color: #000000;\"> Mellanm\u00e5let \u00e4r oftast mj\u00f6lk, sm\u00f6rg\u00e5s, p\u00e5l\u00e4gg gr\u00f6nsak och frukt. Ibland byts mj\u00f6lken mot smoothie. Soppdagarna serveras ett matigare mellanm\u00e5l. Mellanm\u00e5let serveras cirka klockan 14:15.<\/span><\/p>\n<p>&nbsp;<\/p>\n<p><span style=\"color: #000000;\">FRUKTSTUND<\/span><br \/>\n<span style=\"color: #000000;\"> P\u00e5 eftermiddagen har vi fruktstund cirka klockan\u00a016:30.<\/span><\/p>\n","protected":false},"excerpt":{"rendered":"<p>K\u00f6ket \/ M\u00e5ltiderna FRUKOST Frukosten varieras mellan naturell fil tre dagar per vecka och havregrynsgr\u00f6t tv\u00e5 dagar per vecka. Till detta serveras grovt br\u00f6d, ett till tv\u00e5 p\u00e5l\u00e4gg, f\u00e4rska gr\u00f6nsaker, mj\u00f6lk och vatten. Som s\u00f6tning till gr\u00f6t anv\u00e4nds bland annat b\u00e4r och \u00e4ppelmos. Frukosten serveras klockan 8:00. &nbsp; FRUKTSTUND P\u00e5 f\u00f6rmiddagen f\u00e5r barnen frukt. &nbsp;&#8230; <\/p>\n","protected":false},"author":1,"featured_media":0,"parent":410,"menu_order":0,"comment_status":"closed","ping_status":"closed","template":"full-width.php","meta":[],"_links":{"self":[{"href":"https:\/\/barnenshus.nu\/index.php?rest_route=\/wp\/v2\/pages\/5517"}],"collection":[{"href":"https:\/\/barnenshus.nu\/index.php?rest_route=\/wp\/v2\/pages"}],"about":[{"href":"https:\/\/barnenshus.nu\/index.php?rest_route=\/wp\/v2\/types\/page"}],"author":[{"embeddable":true,"href":"https:\/\/barnenshus.nu\/index.php?rest_route=\/wp\/v2\/users\/1"}],"replies":[{"embeddable":true,"href":"https:\/\/barnenshus.nu\/index.php?rest_route=%2Fwp%2Fv2%2Fcomments&post=5517"}],"version-history":[{"count":12,"href":"https:\/\/barnenshus.nu\/index.php?rest_route=\/wp\/v2\/pages\/5517\/revisions"}],"predecessor-version":[{"id":5837,"href":"https:\/\/barnenshus.nu\/index.php?rest_route=\/wp\/v2\/pages\/5517\/revisions\/5837"}],"up":[{"embeddable":true,"href":"https:\/\/barnenshus.nu\/index.php?rest_route=\/wp\/v2\/pages\/410"}],"wp:attachment":[{"href":"https:\/\/barnenshus.nu\/index.php?rest_route=%2Fwp%2Fv2%2Fmedia&parent=5517"}],"curies":[{"name":"wp","href":"https:\/\/api.w.org\/{rel}","templated":true}]}}