{"id":5493,"date":"2016-11-04T20:59:03","date_gmt":"2016-11-04T19:59:03","guid":{"rendered":"https:\/\/barnenshus.nu\/?page_id=5493"},"modified":"2024-11-08T14:49:01","modified_gmt":"2024-11-08T13:49:01","slug":"allergier","status":"publish","type":"page","link":"https:\/\/barnenshus.nu\/?page_id=5493","title":{"rendered":"Allergier"},"content":{"rendered":"<p><span style=\"color: #999999;\"><em>Medlemssidor \/ Allergier<\/em><\/span><\/p>\n<p><span style=\"color: #000000;\">DOFTER<b><br \/>\n<\/b>All personal ska str\u00e4va efter att vara parfymfria under arbetstid.<\/span><\/p>\n<p><span style=\"color: #000000;\">F\u00f6rskolans milj\u00f6n \u00e4r\u00a0r\u00f6kfri och det g\u00e4ller \u00e4ven milj\u00f6n ute i direkt anslutning till f\u00f6rskolan. Vi ber\u00a0att du\u00a0ocks\u00e5 tar h\u00e4nsyn till detta vid l\u00e4mning och h\u00e4mtning.<\/span><\/p>\n<p><span style=\"color: #000000;\">F\u00f6rskolan anv\u00e4nder parfymfria medel, tex tv\u00e5l och tv\u00e4ttmedel. Vid st\u00e4ddagar anv\u00e4nds st\u00e4dmedel som f\u00f6rskolan k\u00f6pt in.<\/span><\/p>\n<p><span style=\"color: #000000;\">MAT<b><br \/>\n<\/b>Det finns s\u00e4kra rutiner f\u00f6r hantering av kost till f\u00f6do\u00e4mnesallergiker och v\u00e5r kock har god kunskap.<\/span><\/p>\n<p><span style=\"color: #000000;\">Maten i f\u00f6rskolan \u00e4r fri fr\u00e5n n\u00f6tter. Jordn\u00f6tsallergen kan spridas via luften och vi har d\u00e4rf\u00f6r ett fullst\u00e4ndigt f\u00f6rbud mot n\u00f6tter, jordn\u00f6tter, mandel och sesam p\u00e5\u00a0f\u00f6rskolan.\u00a0F\u00f6rbudet g\u00e4ller \u00f6verallt i v\u00e5ra lokaler, allts\u00e5 \u00e4ven i personalrum.\u00a0T\u00e4nk d\u00e4rf\u00f6r p\u00e5 att inte ta med n\u00e5got som inneh\u00e5ller detta till f\u00f6rskolan &#8211; inte vid f\u00f6delsedagar, personalg\u00e5vor, styrelsem\u00f6ten, v\u00e5rdnadshavarm\u00f6ten, inf\u00f6r storhelger osv. Observera att detta \u00e4ven g\u00e4ller barnens egna mats\u00e4ck vid utflykter.<\/span><\/p>\n<p><span style=\"color: #000000;\">DJUR<b><br \/>\n<\/b>P\u00e4lsdjur och f\u00e5glar f\u00e5r inte finnas i f\u00f6rskolans lokaler. Barn och personal med p\u00e4lsdjur hemma b\u00f6r t\u00e4nka p\u00e5 att inte gosa med djuren innan de g\u00e5r till f\u00f6rskolan.<\/span><\/p>\n<p><span style=\"color: #000000;\">V\u00c4XTER<b><br \/>\n<\/b>Alla v\u00e4xter p\u00e5 f\u00f6rskolan ska vara l\u00e5gallergena. Blommande starkt doftande v\u00e4xter b\u00f6r ej finnas, tex bj\u00f6rkris, hyacinter och julgran.<\/span><\/p>\n<p><span style=\"color: #000000;\">Vi arbetar f\u00f6r att ha en s\u00e5 bra inomhusmilj\u00f6 som m\u00f6jligt. Rutiner finns och vi genomf\u00f6r en\u00a0allergirond en g\u00e5ng per \u00e5r.<\/span><\/p>\n","protected":false},"excerpt":{"rendered":"<p>Medlemssidor \/ Allergier DOFTER All personal ska str\u00e4va efter att vara parfymfria under arbetstid. F\u00f6rskolans milj\u00f6n \u00e4r\u00a0r\u00f6kfri och det g\u00e4ller \u00e4ven milj\u00f6n ute i direkt anslutning till f\u00f6rskolan. Vi ber\u00a0att du\u00a0ocks\u00e5 tar h\u00e4nsyn till detta vid l\u00e4mning och h\u00e4mtning. F\u00f6rskolan anv\u00e4nder parfymfria medel, tex tv\u00e5l och tv\u00e4ttmedel. Vid st\u00e4ddagar anv\u00e4nds st\u00e4dmedel som f\u00f6rskolan k\u00f6pt in&#8230;. <\/p>\n","protected":false},"author":1,"featured_media":0,"parent":236,"menu_order":0,"comment_status":"closed","ping_status":"closed","template":"full-width.php","meta":[],"_links":{"self":[{"href":"https:\/\/barnenshus.nu\/index.php?rest_route=\/wp\/v2\/pages\/5493"}],"collection":[{"href":"https:\/\/barnenshus.nu\/index.php?rest_route=\/wp\/v2\/pages"}],"about":[{"href":"https:\/\/barnenshus.nu\/index.php?rest_route=\/wp\/v2\/types\/page"}],"author":[{"embeddable":true,"href":"https:\/\/barnenshus.nu\/index.php?rest_route=\/wp\/v2\/users\/1"}],"replies":[{"embeddable":true,"href":"https:\/\/barnenshus.nu\/index.php?rest_route=%2Fwp%2Fv2%2Fcomments&post=5493"}],"version-history":[{"count":8,"href":"https:\/\/barnenshus.nu\/index.php?rest_route=\/wp\/v2\/pages\/5493\/revisions"}],"predecessor-version":[{"id":6042,"href":"https:\/\/barnenshus.nu\/index.php?rest_route=\/wp\/v2\/pages\/5493\/revisions\/6042"}],"up":[{"embeddable":true,"href":"https:\/\/barnenshus.nu\/index.php?rest_route=\/wp\/v2\/pages\/236"}],"wp:attachment":[{"href":"https:\/\/barnenshus.nu\/index.php?rest_route=%2Fwp%2Fv2%2Fmedia&parent=5493"}],"curies":[{"name":"wp","href":"https:\/\/api.w.org\/{rel}","templated":true}]}}