{"id":546,"date":"2012-09-11T11:35:07","date_gmt":"2012-09-11T09:35:07","guid":{"rendered":"https:\/\/barnenshus.nu_test\/?page_id=546"},"modified":"2017-01-10T16:38:03","modified_gmt":"2017-01-10T15:38:03","slug":"kooperativet","status":"publish","type":"page","link":"https:\/\/barnenshus.nu\/?page_id=546","title":{"rendered":"Kooperativet"},"content":{"rendered":"<p><span style=\"color: #000000;\">Som v\u00e5rdnadshavare p\u00e5 f\u00f6rskolan \u00e4r ni mycket betydelsefulla. F\u00f6r\u00e4ldrakooperativ inneb\u00e4r att v\u00e5rdnadshavarna ing\u00e5r i en s\u00e5 kallad f\u00f6r\u00e4ldrasamverkan och det \u00e4r tillsammans som vi kan utveckla och f\u00f6rb\u00e4ttra v\u00e5r f\u00f6rskola. Alla v\u00e5rdnadshavare bidrar med arbetsinsatser inom olika omr\u00e5den, detta g\u00f6r vi f\u00f6r att kunna h\u00e5lla nere\u00a0verksamhetens kostnader och ist\u00e4llet anv\u00e4nda dessa pengar till f\u00f6rskolans pedagogiska verksamhet och barnens dagliga milj\u00f6. Arbetsinsatserna \u00e4r ett stort tillskott f\u00f6r v\u00e5r f\u00f6rening, b\u00e5de socialt och ekonomiskt, och ger dessutom v\u00e5rdnadshavare m\u00f6jlighet till en b\u00e4ttre insyn i barnens vardag.<\/span><\/p>\n<p>&nbsp;<\/p>\n<p><span style=\"color: #000000;\">YTTERLIGARE INFORMATION<strong><br \/>\n<\/strong>V\u00e4lj bland &#8221;Kooperativets&#8221; undermenyer f\u00f6r mer information.<\/span><\/p>\n","protected":false},"excerpt":{"rendered":"<p>Som v\u00e5rdnadshavare p\u00e5 f\u00f6rskolan \u00e4r ni mycket betydelsefulla. F\u00f6r\u00e4ldrakooperativ inneb\u00e4r att v\u00e5rdnadshavarna ing\u00e5r i en s\u00e5 kallad f\u00f6r\u00e4ldrasamverkan och det \u00e4r tillsammans som vi kan utveckla och f\u00f6rb\u00e4ttra v\u00e5r f\u00f6rskola. Alla v\u00e5rdnadshavare bidrar med arbetsinsatser inom olika omr\u00e5den, detta g\u00f6r vi f\u00f6r att kunna h\u00e5lla nere\u00a0verksamhetens kostnader och ist\u00e4llet anv\u00e4nda dessa pengar till f\u00f6rskolans pedagogiska&#8230; <\/p>\n","protected":false},"author":1,"featured_media":5242,"parent":0,"menu_order":0,"comment_status":"closed","ping_status":"closed","template":"full-width.php","meta":[],"_links":{"self":[{"href":"https:\/\/barnenshus.nu\/index.php?rest_route=\/wp\/v2\/pages\/546"}],"collection":[{"href":"https:\/\/barnenshus.nu\/index.php?rest_route=\/wp\/v2\/pages"}],"about":[{"href":"https:\/\/barnenshus.nu\/index.php?rest_route=\/wp\/v2\/types\/page"}],"author":[{"embeddable":true,"href":"https:\/\/barnenshus.nu\/index.php?rest_route=\/wp\/v2\/users\/1"}],"replies":[{"embeddable":true,"href":"https:\/\/barnenshus.nu\/index.php?rest_route=%2Fwp%2Fv2%2Fcomments&post=546"}],"version-history":[{"count":23,"href":"https:\/\/barnenshus.nu\/index.php?rest_route=\/wp\/v2\/pages\/546\/revisions"}],"predecessor-version":[{"id":5782,"href":"https:\/\/barnenshus.nu\/index.php?rest_route=\/wp\/v2\/pages\/546\/revisions\/5782"}],"wp:featuredmedia":[{"embeddable":true,"href":"https:\/\/barnenshus.nu\/index.php?rest_route=\/wp\/v2\/media\/5242"}],"wp:attachment":[{"href":"https:\/\/barnenshus.nu\/index.php?rest_route=%2Fwp%2Fv2%2Fmedia&parent=546"}],"curies":[{"name":"wp","href":"https:\/\/api.w.org\/{rel}","templated":true}]}}