{"id":5438,"date":"2016-11-01T22:24:14","date_gmt":"2016-11-01T21:24:14","guid":{"rendered":"https:\/\/barnenshus.nu\/?page_id=5438"},"modified":"2024-11-08T12:17:39","modified_gmt":"2024-11-08T11:17:39","slug":"vara-lokaler","status":"publish","type":"page","link":"https:\/\/barnenshus.nu\/?page_id=5438","title":{"rendered":"Lokalerna"},"content":{"rendered":"<p style=\"text-align: left;\"><span style=\"color: #999999;\"><em>Barnens Hus &gt; Lokalerna<\/em><\/span><\/p>\n<p><span style=\"color: #000000;\">P\u00e5 Barnens Hus str\u00e4var vi efter en lugn, harmonisk, anpassad och inspirerande milj\u00f6 . Utbildningen har bedrivits i samma lokaler sedan starten 1991. F\u00f6rskolan ut\u00f6kade sina lokaler under h\u00f6sten 2008 och vi har nu stora gener\u00f6sa utrymmen med n\u00e4rhet till naturen.<\/span><\/p>\n<p><span style=\"color: #000000;\">Utg\u00e5ngspunkten \u00e4r att milj\u00f6n ska vara trygg, inspirerande och tillg\u00e4nglig f\u00f6r alla barn.<\/span><\/p>\n<p><span style=\"color: #000000;\">De flesta bord och stolar \u00e4r i barnstorlek. Fr\u00e5n l\u00e5ga hyllor d\u00e4r varje sak har sin best\u00e4mda plats kan barnen sj\u00e4lva h\u00e4mta och st\u00e4lla tillbaka saker de anv\u00e4nder. Barnen f\u00e5r utforska, experimentera och skaffa sig nya erfarenheter. Milj\u00f6n hj\u00e4lper barnen att utveckla sin sj\u00e4lvst\u00e4ndighet, sj\u00e4lvf\u00f6rtroende och att ta h\u00e4nsyn till varandra.<\/span><\/p>\n<p><span style=\"color: #000000;\">Milj\u00f6n p\u00e5 f\u00f6rskolan \u00e4r utformad s\u00e5 att vi, utifr\u00e5n montessoripedagogiken och f\u00f6rskolans l\u00e4roplan, ska kunna ta tillvara barnens nyfikenhet inom alla omr\u00e5den. Milj\u00f6n \u00e4r estetiskt tilltalande och fr\u00e4mjar ordning och reda.\u00a0<\/span><\/p>\n<p><span style=\"color: #000000;\">Vi, tillsammans med v\u00e5r fastighets\u00e4gare, underh\u00e5ller och anpassar lokalerna regelbundet utifr\u00e5n behov d\u00e5 milj\u00f6n \u00e4r viktig f\u00f6r b\u00e5de barn och personal. Alla avdelningar har toaletter anpassade till barnen med l\u00e5g wc och l\u00e5gt handfat.\u00a0<\/span><\/p>\n","protected":false},"excerpt":{"rendered":"<p>Barnens Hus &gt; Lokalerna P\u00e5 Barnens Hus str\u00e4var vi efter en lugn, harmonisk, anpassad och inspirerande milj\u00f6 . Utbildningen har bedrivits i samma lokaler sedan starten 1991. F\u00f6rskolan ut\u00f6kade sina lokaler under h\u00f6sten 2008 och vi har nu stora gener\u00f6sa utrymmen med n\u00e4rhet till naturen. Utg\u00e5ngspunkten \u00e4r att milj\u00f6n ska vara trygg, inspirerande och tillg\u00e4nglig&#8230; <\/p>\n","protected":false},"author":1,"featured_media":0,"parent":233,"menu_order":0,"comment_status":"closed","ping_status":"closed","template":"full-width.php","meta":[],"_links":{"self":[{"href":"https:\/\/barnenshus.nu\/index.php?rest_route=\/wp\/v2\/pages\/5438"}],"collection":[{"href":"https:\/\/barnenshus.nu\/index.php?rest_route=\/wp\/v2\/pages"}],"about":[{"href":"https:\/\/barnenshus.nu\/index.php?rest_route=\/wp\/v2\/types\/page"}],"author":[{"embeddable":true,"href":"https:\/\/barnenshus.nu\/index.php?rest_route=\/wp\/v2\/users\/1"}],"replies":[{"embeddable":true,"href":"https:\/\/barnenshus.nu\/index.php?rest_route=%2Fwp%2Fv2%2Fcomments&post=5438"}],"version-history":[{"count":10,"href":"https:\/\/barnenshus.nu\/index.php?rest_route=\/wp\/v2\/pages\/5438\/revisions"}],"predecessor-version":[{"id":6024,"href":"https:\/\/barnenshus.nu\/index.php?rest_route=\/wp\/v2\/pages\/5438\/revisions\/6024"}],"up":[{"embeddable":true,"href":"https:\/\/barnenshus.nu\/index.php?rest_route=\/wp\/v2\/pages\/233"}],"wp:attachment":[{"href":"https:\/\/barnenshus.nu\/index.php?rest_route=%2Fwp%2Fv2%2Fmedia&parent=5438"}],"curies":[{"name":"wp","href":"https:\/\/api.w.org\/{rel}","templated":true}]}}