{"id":5431,"date":"2016-11-01T22:04:56","date_gmt":"2016-11-01T21:04:56","guid":{"rendered":"https:\/\/barnenshus.nu\/?page_id=5431"},"modified":"2024-11-08T14:46:57","modified_gmt":"2024-11-08T13:46:57","slug":"vardnadshavarmoten","status":"publish","type":"page","link":"https:\/\/barnenshus.nu\/?page_id=5431","title":{"rendered":"V\u00e5rdnadshavarm\u00f6ten"},"content":{"rendered":"<p><span style=\"color: #999999;\"><em>Medlemssidor \/ V\u00e5rdnadshavarm\u00f6ten<\/em><\/span><\/p>\n<p><span style=\"color: #000000;\">F\u00f6rskolan erbjuder regelbundet b\u00e5de individuella v\u00e5rdnadshavarsamtal samt gemensamma v\u00e5rdnadshavarm\u00f6ten. De individuella samtalen handlar om ditt barns trivsel och utveckling. P\u00e5 de gemensamma m\u00f6tena ber\u00e4ttar styrelsen om aktuella fr\u00e5gor och pedagogerna presenterar verksamhetens pedagogiska m\u00e5l samt uppf\u00f6ljningar. <\/span><\/p>\n<p><span style=\"color: #000000;\"><strong>\u00a0<\/strong><\/span><\/p>\n","protected":false},"excerpt":{"rendered":"<p>Medlemssidor \/ V\u00e5rdnadshavarm\u00f6ten F\u00f6rskolan erbjuder regelbundet b\u00e5de individuella v\u00e5rdnadshavarsamtal samt gemensamma v\u00e5rdnadshavarm\u00f6ten. De individuella samtalen handlar om ditt barns trivsel och utveckling. P\u00e5 de gemensamma m\u00f6tena ber\u00e4ttar styrelsen om aktuella fr\u00e5gor och pedagogerna presenterar verksamhetens pedagogiska m\u00e5l samt uppf\u00f6ljningar. \u00a0<\/p>\n","protected":false},"author":1,"featured_media":0,"parent":236,"menu_order":0,"comment_status":"closed","ping_status":"closed","template":"full-width.php","meta":[],"_links":{"self":[{"href":"https:\/\/barnenshus.nu\/index.php?rest_route=\/wp\/v2\/pages\/5431"}],"collection":[{"href":"https:\/\/barnenshus.nu\/index.php?rest_route=\/wp\/v2\/pages"}],"about":[{"href":"https:\/\/barnenshus.nu\/index.php?rest_route=\/wp\/v2\/types\/page"}],"author":[{"embeddable":true,"href":"https:\/\/barnenshus.nu\/index.php?rest_route=\/wp\/v2\/users\/1"}],"replies":[{"embeddable":true,"href":"https:\/\/barnenshus.nu\/index.php?rest_route=%2Fwp%2Fv2%2Fcomments&post=5431"}],"version-history":[{"count":8,"href":"https:\/\/barnenshus.nu\/index.php?rest_route=\/wp\/v2\/pages\/5431\/revisions"}],"predecessor-version":[{"id":6040,"href":"https:\/\/barnenshus.nu\/index.php?rest_route=\/wp\/v2\/pages\/5431\/revisions\/6040"}],"up":[{"embeddable":true,"href":"https:\/\/barnenshus.nu\/index.php?rest_route=\/wp\/v2\/pages\/236"}],"wp:attachment":[{"href":"https:\/\/barnenshus.nu\/index.php?rest_route=%2Fwp%2Fv2%2Fmedia&parent=5431"}],"curies":[{"name":"wp","href":"https:\/\/api.w.org\/{rel}","templated":true}]}}