{"id":5357,"date":"2016-10-30T22:57:39","date_gmt":"2016-10-30T21:57:39","guid":{"rendered":"https:\/\/barnenshus.nu\/?page_id=5357"},"modified":"2024-11-08T14:29:23","modified_gmt":"2024-11-08T13:29:23","slug":"arbetsinsats","status":"publish","type":"page","link":"https:\/\/barnenshus.nu\/?page_id=5357","title":{"rendered":"Din delaktighet"},"content":{"rendered":"<p><span style=\"color: #999999;\"><em>Kooperativet \/ Din delaktighet<\/em><\/span><\/p>\n<p><span style=\"color: #000000;\">AKTIVITETSGRUPPER<\/span><\/p>\n<p><span style=\"color: #000000;\"><b>F\u00f6rskolan drivs som en ekonomisk f\u00f6rening och som ett f\u00f6r\u00e4ldrakooperativ.<\/b><\/span><\/p>\n<p>Din insats som v\u00e5rdnadshavare och medlem i f\u00f6reningen \u00e4r d\u00e4rf\u00f6r mycket betydelsefull.<\/p>\n<p>D\u00e5 ditt barn b\u00f6rjat p\u00e5 f\u00f6rskolan f\u00e5r du information om vad det inneb\u00e4r.<\/p>\n<p><span style=\"color: #000000;\"><b><\/b>L\u00f6pande arbetsinsatser som f\u00f6rskolans v\u00e5rdnadshavare bidrar med utf\u00f6rs i aktivitetsgrupper. Aktivitetsgrupperna delas in utifr\u00e5n uppgifter som exempelvis tr\u00e4dg\u00e5rdssk\u00f6tsel, k\u00e4llsortering, st\u00e4dning (ej veckost\u00e4dning), byggnadsjobb, s\u00f6mnad, webb &amp; IT, revision och valberedning. <\/span><span style=\"color: #000000;\">Alla v\u00e5rdnadshavare ing\u00e5r i n\u00e5gon av aktivitetsgrupperna och som ny i kooperativet blir du\/ni placerade i den grupp som beh\u00f6ver f\u00f6rst\u00e4rkas. Framf\u00f6r g\u00e4rna \u00f6nskem\u00e5l ifall\u00a0ni vill arbeta i en viss aktivitetsgrupp. Om vi inte kan tillgodose er \u00f6nskan inledningsvis kan omplacering g\u00f6ras allteftersom platser blir lediga.\u00a0Om du f\u00e5r f\u00f6rhinder n\u00e4r det \u00e4r dags att utf\u00f6ra din uppgift ansvarar du sj\u00e4lv\u00a0f\u00f6r att hitta en ers\u00e4ttare och att uppgiften \u00e4nd\u00e5 blir utf\u00f6rd. Om du inte hittar en ers\u00e4ttare ska den gruppansvarige kontaktas snarast.<\/span><\/p>\n<p><span style=\"color: #000000;\">Den gruppansvariges roll \u00e4r att samordna arbetet mellan aktivitetsgruppens deltagare, ex.v. skapa scheman f\u00f6r gruppens arbetsuppgifter och boka avst\u00e4mningsm\u00f6ten f\u00f6r att planera gruppens arbete samt att \u00e5terkoppla till styrelsens aktivitetsansvarig.<\/span><\/p>\n<p><span style=\"color: #000000;\">F\u00f6rskolans aktivitetsgrupper:<\/span><\/p>\n<ul>\n<li><span style=\"color: #000000;\">Bygg- &amp; fixa inomhus<\/span><\/li>\n<li><span style=\"color: #000000;\">Byggrupp utomhus<\/span><\/li>\n<li><span style=\"color: #000000;\">Tr\u00e4dg\u00e5rdsgrupp<\/span><\/li>\n<li><span style=\"color: #000000;\">K\u00e4llsorteringsgrupp<\/span><\/li>\n<li><span style=\"color: #000000;\">St\u00e4dgrupp<\/span><\/li>\n<li><span style=\"color: #000000;\">IT- &amp; webb<\/span><\/li>\n<\/ul>\n<p><span style=\"color: #000000;\">ST\u00c4DDAGAR<b><br \/>\n<\/b>En g\u00e5ng per termin tr\u00e4ffas alla v\u00e5rdnadshavare och hj\u00e4lper till p\u00e5 f\u00f6rskolans st\u00e4ddag. Vid dessa dagar utf\u00f6rs tr\u00e4dg\u00e5rdsarbete, st\u00e4dning och annat underh\u00e5ll. Datum f\u00f6r st\u00e4ddagar annonseras i god tid och brukar vanligtvis infalla p\u00e5 en l\u00f6rdag i april och oktober. Din\u00a0insats gynnar barnens milj\u00f6 och vi p\u00e5 f\u00f6rskolan \u00e4r mycket tacksamma f\u00f6r ditt engagemang. <\/span><\/p>\n<p><span style=\"color: #000000;\">STYRELSEARBETE<b><br \/>\n<\/b>Vill du engagera dig i f\u00f6rskolans styrelsearbete \u00e4r du varmt v\u00e4lkommen att kontakta n\u00e5gon i styrelsen. N\u00e5gon g\u00e5ng under de \u00e5r som ert barn g\u00e5r h\u00e4r p\u00e5 f\u00f6rskolan kan det bli aktuellt att just Du v\u00e4ljs in i styrelsen. Ni f\u00e5r d\u00e5 m\u00f6jlighet att l\u00e4ra er mer om hur en ideell f\u00f6rening fungerar samt vad som kr\u00e4vs f\u00f6r att driva en f\u00f6rskola. Du f\u00e5r l\u00e4ra dig om verksamheten samt lagar och f\u00f6rordningar. Du kan l\u00e4ttare p\u00e5verka barnens vardag p\u00e5 f\u00f6rskolan.<\/span><\/p>\n<p><span style=\"color: #000000;\">Styrelsen har det formella ansvaret och sk\u00f6ter f\u00f6reningens (f\u00f6rskolans) l\u00f6pande angel\u00e4genheter tillsammans med rektor. Styrelsen ansvarar ocks\u00e5 f\u00f6r f\u00f6reningens organisation och f\u00f6rvaltning. Detta inneb\u00e4r att styrelsen handhar l\u00f6pande ekonomi och budgetarbete, personalfr\u00e5gor, lokalfr\u00e5gor, enk\u00e4ter till personal och f\u00f6r\u00e4ldrar, aktivitetsgrupper och st\u00e4ddagar med mera. De v\u00e5rdnadshavare som har en roll i styrelsen befrias fr\u00e5n arbete i aktivitetsgrupperna under styrelsetiden.<\/span><\/p>\n<p><span style=\"color: #000000;\">Styrelsen best\u00e5r av:<\/span><\/p>\n<ul>\n<li><span style=\"color: #000000;\">ordf\u00f6rande<\/span><\/li>\n<li><span style=\"color: #000000;\">vice ordf\u00f6rande<\/span><\/li>\n<li><span style=\"color: #000000;\">sekreterare<\/span><\/li>\n<li><span style=\"color: #000000;\">kass\u00f6r<\/span><\/li>\n<li><span style=\"color: #000000;\">lokalansvarig<\/span><\/li>\n<li><span style=\"color: #000000;\">personalansvarig<\/span><\/li>\n<li><span style=\"color: #000000;\">aktivitetsgruppansvarig<\/span><\/li>\n<\/ul>\n","protected":false},"excerpt":{"rendered":"<p>Kooperativet \/ Din delaktighet AKTIVITETSGRUPPER F\u00f6rskolan drivs som en ekonomisk f\u00f6rening och som ett f\u00f6r\u00e4ldrakooperativ. Din insats som v\u00e5rdnadshavare och medlem i f\u00f6reningen \u00e4r d\u00e4rf\u00f6r mycket betydelsefull. D\u00e5 ditt barn b\u00f6rjat p\u00e5 f\u00f6rskolan f\u00e5r du information om vad det inneb\u00e4r. L\u00f6pande arbetsinsatser som f\u00f6rskolans v\u00e5rdnadshavare bidrar med utf\u00f6rs i aktivitetsgrupper. Aktivitetsgrupperna delas in utifr\u00e5n uppgifter&#8230; <\/p>\n","protected":false},"author":1,"featured_media":0,"parent":546,"menu_order":0,"comment_status":"closed","ping_status":"closed","template":"full-width.php","meta":[],"_links":{"self":[{"href":"https:\/\/barnenshus.nu\/index.php?rest_route=\/wp\/v2\/pages\/5357"}],"collection":[{"href":"https:\/\/barnenshus.nu\/index.php?rest_route=\/wp\/v2\/pages"}],"about":[{"href":"https:\/\/barnenshus.nu\/index.php?rest_route=\/wp\/v2\/types\/page"}],"author":[{"embeddable":true,"href":"https:\/\/barnenshus.nu\/index.php?rest_route=\/wp\/v2\/users\/1"}],"replies":[{"embeddable":true,"href":"https:\/\/barnenshus.nu\/index.php?rest_route=%2Fwp%2Fv2%2Fcomments&post=5357"}],"version-history":[{"count":26,"href":"https:\/\/barnenshus.nu\/index.php?rest_route=\/wp\/v2\/pages\/5357\/revisions"}],"predecessor-version":[{"id":6032,"href":"https:\/\/barnenshus.nu\/index.php?rest_route=\/wp\/v2\/pages\/5357\/revisions\/6032"}],"up":[{"embeddable":true,"href":"https:\/\/barnenshus.nu\/index.php?rest_route=\/wp\/v2\/pages\/546"}],"wp:attachment":[{"href":"https:\/\/barnenshus.nu\/index.php?rest_route=%2Fwp%2Fv2%2Fmedia&parent=5357"}],"curies":[{"name":"wp","href":"https:\/\/api.w.org\/{rel}","templated":true}]}}