{"id":5349,"date":"2016-10-30T22:39:51","date_gmt":"2016-10-30T21:39:51","guid":{"rendered":"https:\/\/barnenshus.nu\/?page_id=5349"},"modified":"2019-07-01T13:50:58","modified_gmt":"2019-07-01T11:50:58","slug":"jobba-hos-oss","status":"publish","type":"page","link":"https:\/\/barnenshus.nu\/?page_id=5349","title":{"rendered":"Jobba hos oss"},"content":{"rendered":"<p><span style=\"color: #999999;\"><em>Kontakta oss \/ Jobba hos oss<\/em><\/span><\/p>\n<p><span style=\"color: #000000;\">LEDIGA\u00a0TJ\u00c4NSTER<\/span><\/p>\n<p>&nbsp;<\/p>\n<p><span style=\"color: #000000;\">\u00d6VRIGA ANST\u00c4LLNINGAR<\/span><br \/>\n<span style=\"color: #000000;\"> Oavsett om vi har tj\u00e4nster utannonserade eller ej \u00e4r du alltid\u00a0v\u00e4lkommen att maila ditt personliga brev och CV till info@barnenshus.nu. Vi beh\u00f6ver ibland f\u00f6rst\u00e4rka med vikariat och timanst\u00e4llda.<\/span><\/p>\n","protected":false},"excerpt":{"rendered":"<p>Kontakta oss \/ Jobba hos oss LEDIGA\u00a0TJ\u00c4NSTER &nbsp; \u00d6VRIGA ANST\u00c4LLNINGAR Oavsett om vi har tj\u00e4nster utannonserade eller ej \u00e4r du alltid\u00a0v\u00e4lkommen att maila ditt personliga brev och CV till info@barnenshus.nu. Vi beh\u00f6ver ibland f\u00f6rst\u00e4rka med vikariat och timanst\u00e4llda.<\/p>\n","protected":false},"author":1,"featured_media":0,"parent":289,"menu_order":5,"comment_status":"closed","ping_status":"closed","template":"full-width.php","meta":[],"_links":{"self":[{"href":"https:\/\/barnenshus.nu\/index.php?rest_route=\/wp\/v2\/pages\/5349"}],"collection":[{"href":"https:\/\/barnenshus.nu\/index.php?rest_route=\/wp\/v2\/pages"}],"about":[{"href":"https:\/\/barnenshus.nu\/index.php?rest_route=\/wp\/v2\/types\/page"}],"author":[{"embeddable":true,"href":"https:\/\/barnenshus.nu\/index.php?rest_route=\/wp\/v2\/users\/1"}],"replies":[{"embeddable":true,"href":"https:\/\/barnenshus.nu\/index.php?rest_route=%2Fwp%2Fv2%2Fcomments&post=5349"}],"version-history":[{"count":18,"href":"https:\/\/barnenshus.nu\/index.php?rest_route=\/wp\/v2\/pages\/5349\/revisions"}],"predecessor-version":[{"id":5964,"href":"https:\/\/barnenshus.nu\/index.php?rest_route=\/wp\/v2\/pages\/5349\/revisions\/5964"}],"up":[{"embeddable":true,"href":"https:\/\/barnenshus.nu\/index.php?rest_route=\/wp\/v2\/pages\/289"}],"wp:attachment":[{"href":"https:\/\/barnenshus.nu\/index.php?rest_route=%2Fwp%2Fv2%2Fmedia&parent=5349"}],"curies":[{"name":"wp","href":"https:\/\/api.w.org\/{rel}","templated":true}]}}