{"id":5300,"date":"2016-10-30T17:24:08","date_gmt":"2016-10-30T16:24:08","guid":{"rendered":"https:\/\/barnenshus.nu\/?page_id=5300"},"modified":"2024-11-08T14:41:10","modified_gmt":"2024-11-08T13:41:10","slug":"anmal-franvaro","status":"publish","type":"page","link":"https:\/\/barnenshus.nu\/?page_id=5300","title":{"rendered":"Fr\u00e5nvaro"},"content":{"rendered":"<p><span style=\"color: #999999;\"><em>Medlemssidor \/ Fr\u00e5nvaro<\/em><\/span><\/p>\n<p><span style=\"color: #000000;\">VID SJUKDOM<\/span><br \/>\n<span style=\"color: #000000;\"> Meddela sjukfr\u00e5nvaro genom att kontakta\u00a0pedagogerna p\u00e5 barnets avdelning. Du kan antingen ringa, smsa eller anm\u00e4la direkt i Tyra-appen.<\/span><\/p>\n<p><span style=\"color: #000000;\">Meddela ocks\u00e5 om barnet har specialkost. D\u00e5 har vi m\u00f6jlighet att avboka den matportionen.<\/span><\/p>\n<p><span style=\"color: #000000;\">VID TILLF\u00c4LLIG LEDIGHET<\/span><br \/>\n<span style=\"color: #000000;\"> Meddela pedagogerna p\u00e5 barnets avdelning om ni tar en ledig dag. Du kan antingen ringa, smsa eller l\u00e4gga in L f\u00f6r ledigt i Tyra-appen.\u00a0<\/span><\/p>\n<p><span style=\"color: #000000;\">Meddela\u00a0ocks\u00e5 om ert\u00a0barn har specialkost. D\u00e5 har vi m\u00f6jlighet att avboka den matportionen.<\/span><\/p>\n<p><span style=\"color: #000000;\">VID PLANERAD\u00a0LEDIGHET<\/span><br \/>\n<span style=\"color: #000000;\"> Vid mer planerad ledighet ber vi er att meddela\u00a0f\u00f6rskolan detta i s\u00e5g god tid ni kan. Det g\u00f6r att vi kan planera personalt\u00e4thet utifr\u00e5n dagsbehov och likas\u00e5 kan vi anpassa maten b\u00e4ttre efter hur m\u00e5nga barn som \u00e4r hos oss. Vid lov och l\u00e4ngre ledigheter (julledighet, sportlov, p\u00e5sklov, semester och l\u00e4slov) f\u00e5r du meddelande i Tyra-appen d\u00e4r du ombeds l\u00e4mna in uppgifter\u00a0om\u00a0ert barn kommer att vara ledig eller ej.<\/span><\/p>\n","protected":false},"excerpt":{"rendered":"<p>Medlemssidor \/ Fr\u00e5nvaro VID SJUKDOM Meddela sjukfr\u00e5nvaro genom att kontakta\u00a0pedagogerna p\u00e5 barnets avdelning. Du kan antingen ringa, smsa eller anm\u00e4la direkt i Tyra-appen. Meddela ocks\u00e5 om barnet har specialkost. D\u00e5 har vi m\u00f6jlighet att avboka den matportionen. VID TILLF\u00c4LLIG LEDIGHET Meddela pedagogerna p\u00e5 barnets avdelning om ni tar en ledig dag. Du kan antingen ringa,&#8230; <\/p>\n","protected":false},"author":1,"featured_media":0,"parent":236,"menu_order":0,"comment_status":"closed","ping_status":"closed","template":"full-width.php","meta":[],"_links":{"self":[{"href":"https:\/\/barnenshus.nu\/index.php?rest_route=\/wp\/v2\/pages\/5300"}],"collection":[{"href":"https:\/\/barnenshus.nu\/index.php?rest_route=\/wp\/v2\/pages"}],"about":[{"href":"https:\/\/barnenshus.nu\/index.php?rest_route=\/wp\/v2\/types\/page"}],"author":[{"embeddable":true,"href":"https:\/\/barnenshus.nu\/index.php?rest_route=\/wp\/v2\/users\/1"}],"replies":[{"embeddable":true,"href":"https:\/\/barnenshus.nu\/index.php?rest_route=%2Fwp%2Fv2%2Fcomments&post=5300"}],"version-history":[{"count":30,"href":"https:\/\/barnenshus.nu\/index.php?rest_route=\/wp\/v2\/pages\/5300\/revisions"}],"predecessor-version":[{"id":6034,"href":"https:\/\/barnenshus.nu\/index.php?rest_route=\/wp\/v2\/pages\/5300\/revisions\/6034"}],"up":[{"embeddable":true,"href":"https:\/\/barnenshus.nu\/index.php?rest_route=\/wp\/v2\/pages\/236"}],"wp:attachment":[{"href":"https:\/\/barnenshus.nu\/index.php?rest_route=%2Fwp%2Fv2%2Fmedia&parent=5300"}],"curies":[{"name":"wp","href":"https:\/\/api.w.org\/{rel}","templated":true}]}}