{"id":5251,"date":"2016-10-30T10:35:35","date_gmt":"2016-10-30T09:35:35","guid":{"rendered":"https:\/\/barnenshus.nu\/?page_id=5251"},"modified":"2020-08-14T23:16:15","modified_gmt":"2020-08-14T21:16:15","slug":"e-posta-oss","status":"publish","type":"page","link":"https:\/\/barnenshus.nu\/?page_id=5251","title":{"rendered":"E-posta oss"},"content":{"rendered":"<p><span style=\"color: #999999;\"><em>Kontakta oss \/ E-posta oss<\/em><\/span><\/p>\n<p><span style=\"color: #000000;\">Vill du kontakta\u00a0oss via e-post?<\/span><br \/>\n<span style=\"color: #000000;\"> Tveka inte att fr\u00e5ga oss om det \u00e4r n\u00e5got du undrar.\u00a0<\/span><br \/>\n<span style=\"color: #000000;\"> Vi ser fram emot ditt mail.<\/span><\/p>\n<p>&nbsp;<\/p>\n<p><span style=\"color: #000000;\">REKTOR Ulrika Sj\u00f6holm<\/span><br \/>\n<span style=\"color: #000000;\"> E-post:\u00a0<a style=\"color: #000000;\" href=\"mailto:info@barnenshus.nu\">info@barnenshus.nu<\/a><\/span><\/p>\n<p><span style=\"color: #000000;\">BITR\u00c4DANDE REKTOR \u00c5sa Nilsson<\/span><br \/>\n<span style=\"color: #000000;\"> E-post: bitr.rektor@barnenshus.nu<\/span><\/p>\n<p><span style=\"color: #000000;\">ORDF\u00d6RANDE<strong><br \/>\n<\/strong> E-post:\u00a0<a style=\"color: #000000;\" href=\"mailto:ordforande@barnenshus.nu\">ordforande@barnenshus.nu<\/a><\/span><\/p>\n<p>&nbsp;<\/p>\n","protected":false},"excerpt":{"rendered":"<p>Kontakta oss \/ E-posta oss Vill du kontakta\u00a0oss via e-post? Tveka inte att fr\u00e5ga oss om det \u00e4r n\u00e5got du undrar.\u00a0 Vi ser fram emot ditt mail. &nbsp; REKTOR Ulrika Sj\u00f6holm E-post:\u00a0info@barnenshus.nu BITR\u00c4DANDE REKTOR \u00c5sa Nilsson E-post: bitr.rektor@barnenshus.nu ORDF\u00d6RANDE E-post:\u00a0ordforande@barnenshus.nu &nbsp;<\/p>\n","protected":false},"author":1,"featured_media":0,"parent":289,"menu_order":3,"comment_status":"closed","ping_status":"closed","template":"full-width.php","meta":[],"_links":{"self":[{"href":"https:\/\/barnenshus.nu\/index.php?rest_route=\/wp\/v2\/pages\/5251"}],"collection":[{"href":"https:\/\/barnenshus.nu\/index.php?rest_route=\/wp\/v2\/pages"}],"about":[{"href":"https:\/\/barnenshus.nu\/index.php?rest_route=\/wp\/v2\/types\/page"}],"author":[{"embeddable":true,"href":"https:\/\/barnenshus.nu\/index.php?rest_route=\/wp\/v2\/users\/1"}],"replies":[{"embeddable":true,"href":"https:\/\/barnenshus.nu\/index.php?rest_route=%2Fwp%2Fv2%2Fcomments&post=5251"}],"version-history":[{"count":12,"href":"https:\/\/barnenshus.nu\/index.php?rest_route=\/wp\/v2\/pages\/5251\/revisions"}],"predecessor-version":[{"id":5985,"href":"https:\/\/barnenshus.nu\/index.php?rest_route=\/wp\/v2\/pages\/5251\/revisions\/5985"}],"up":[{"embeddable":true,"href":"https:\/\/barnenshus.nu\/index.php?rest_route=\/wp\/v2\/pages\/289"}],"wp:attachment":[{"href":"https:\/\/barnenshus.nu\/index.php?rest_route=%2Fwp%2Fv2%2Fmedia&parent=5251"}],"curies":[{"name":"wp","href":"https:\/\/api.w.org\/{rel}","templated":true}]}}