{"id":5247,"date":"2016-10-30T10:35:00","date_gmt":"2016-10-30T09:35:00","guid":{"rendered":"https:\/\/barnenshus.nu\/?page_id=5247"},"modified":"2021-01-01T22:40:51","modified_gmt":"2021-01-01T21:40:51","slug":"ring-oss","status":"publish","type":"page","link":"https:\/\/barnenshus.nu\/?page_id=5247","title":{"rendered":"Ring oss"},"content":{"rendered":"<p><span style=\"color: #999999;\"><em>Kontakta oss \/ Ring oss<\/em><\/span><\/p>\n<p><span style=\"color: #000000;\">Vill du kontakta oss via telefon?<\/span><br \/>\n<span style=\"color: #000000;\"> Tveka inte att ring oss om det \u00e4r n\u00e5got du undrar. Vi besvarar g\u00e4rna dina fr\u00e5gor.<\/span><\/p>\n<p>&nbsp;<\/p>\n<p><span style=\"color: #000000;\">TELEFONNUMMER<strong><br \/>\n<\/strong>Rektor Ulrika Sj\u00f6holm:\u00a0<span style=\"line-height: 1.5;\">070-555 70 65<\/span><\/span><\/p>\n<p>Bitr\u00e4dande rektor \u00c5sa Nilsson 072-5445809<span style=\"color: #000000;\"><span style=\"line-height: 1.5;\"><br \/>\n<\/span>Avdelning\u00a0M\u00e5nen:<strong>\u00a0<\/strong>072-544 58 05<\/span><br \/>\n<span style=\"color: #000000;\"> Avdelning\u00a0Stj\u00e4rnan:<strong>\u00a0<\/strong>072-544 58 06<\/span><br \/>\n<span style=\"color: #000000;\"> Avdelning\u00a0Solen:<strong>\u00a0<\/strong>072-544 58 07<\/span><br \/>\n<span style=\"color: #000000;\"> Avdelning\u00a0Tellus:<strong>\u00a0<\/strong>072-544 58 08<\/span><\/p>\n","protected":false},"excerpt":{"rendered":"<p>Kontakta oss \/ Ring oss Vill du kontakta oss via telefon? Tveka inte att ring oss om det \u00e4r n\u00e5got du undrar. Vi besvarar g\u00e4rna dina fr\u00e5gor. &nbsp; TELEFONNUMMER Rektor Ulrika Sj\u00f6holm:\u00a0070-555 70 65 Bitr\u00e4dande rektor \u00c5sa Nilsson 072-5445809 Avdelning\u00a0M\u00e5nen:\u00a0072-544 58 05 Avdelning\u00a0Stj\u00e4rnan:\u00a0072-544 58 06 Avdelning\u00a0Solen:\u00a0072-544 58 07 Avdelning\u00a0Tellus:\u00a0072-544 58 08<\/p>\n","protected":false},"author":1,"featured_media":0,"parent":289,"menu_order":2,"comment_status":"closed","ping_status":"closed","template":"full-width.php","meta":[],"_links":{"self":[{"href":"https:\/\/barnenshus.nu\/index.php?rest_route=\/wp\/v2\/pages\/5247"}],"collection":[{"href":"https:\/\/barnenshus.nu\/index.php?rest_route=\/wp\/v2\/pages"}],"about":[{"href":"https:\/\/barnenshus.nu\/index.php?rest_route=\/wp\/v2\/types\/page"}],"author":[{"embeddable":true,"href":"https:\/\/barnenshus.nu\/index.php?rest_route=\/wp\/v2\/users\/1"}],"replies":[{"embeddable":true,"href":"https:\/\/barnenshus.nu\/index.php?rest_route=%2Fwp%2Fv2%2Fcomments&post=5247"}],"version-history":[{"count":21,"href":"https:\/\/barnenshus.nu\/index.php?rest_route=\/wp\/v2\/pages\/5247\/revisions"}],"predecessor-version":[{"id":5991,"href":"https:\/\/barnenshus.nu\/index.php?rest_route=\/wp\/v2\/pages\/5247\/revisions\/5991"}],"up":[{"embeddable":true,"href":"https:\/\/barnenshus.nu\/index.php?rest_route=\/wp\/v2\/pages\/289"}],"wp:attachment":[{"href":"https:\/\/barnenshus.nu\/index.php?rest_route=%2Fwp%2Fv2%2Fmedia&parent=5247"}],"curies":[{"name":"wp","href":"https:\/\/api.w.org\/{rel}","templated":true}]}}