{"id":239,"date":"2011-04-17T11:42:11","date_gmt":"2011-04-17T09:42:11","guid":{"rendered":"https:\/\/barnenshus.nu\/?page_id=239"},"modified":"2024-11-08T16:16:19","modified_gmt":"2024-11-08T15:16:19","slug":"mer-om-montessori","status":"publish","type":"page","link":"https:\/\/barnenshus.nu\/?page_id=239","title":{"rendered":"S\u00e5 arbetar vi"},"content":{"rendered":"\n<p><\/p>\n\n\n\n<p>V\u00c5R VISION<br>&#8221;En f\u00f6rskola med h\u00f6g kvalit\u00e9 d\u00e4r barn, personal och v\u00e5rdnadshavare k\u00e4nner trygghet och d\u00e4r v\u00e5ra barn kan utvecklas till sj\u00e4lvst\u00e4ndiga, ansvarstagande m\u00e4nniskor med en livsl\u00e5ng lust att l\u00e4ra\u201d<\/p>\n","protected":false},"excerpt":{"rendered":"<p>V\u00c5R VISION&#8221;En f\u00f6rskola med h\u00f6g kvalit\u00e9 d\u00e4r barn, personal och v\u00e5rdnadshavare k\u00e4nner trygghet och d\u00e4r v\u00e5ra barn kan utvecklas till sj\u00e4lvst\u00e4ndiga, ansvarstagande m\u00e4nniskor med en livsl\u00e5ng lust att l\u00e4ra\u201d<\/p>\n","protected":false},"author":1,"featured_media":5818,"parent":0,"menu_order":0,"comment_status":"closed","ping_status":"closed","template":"full-width.php","meta":[],"_links":{"self":[{"href":"https:\/\/barnenshus.nu\/index.php?rest_route=\/wp\/v2\/pages\/239"}],"collection":[{"href":"https:\/\/barnenshus.nu\/index.php?rest_route=\/wp\/v2\/pages"}],"about":[{"href":"https:\/\/barnenshus.nu\/index.php?rest_route=\/wp\/v2\/types\/page"}],"author":[{"embeddable":true,"href":"https:\/\/barnenshus.nu\/index.php?rest_route=\/wp\/v2\/users\/1"}],"replies":[{"embeddable":true,"href":"https:\/\/barnenshus.nu\/index.php?rest_route=%2Fwp%2Fv2%2Fcomments&post=239"}],"version-history":[{"count":19,"href":"https:\/\/barnenshus.nu\/index.php?rest_route=\/wp\/v2\/pages\/239\/revisions"}],"predecessor-version":[{"id":6054,"href":"https:\/\/barnenshus.nu\/index.php?rest_route=\/wp\/v2\/pages\/239\/revisions\/6054"}],"wp:featuredmedia":[{"embeddable":true,"href":"https:\/\/barnenshus.nu\/index.php?rest_route=\/wp\/v2\/media\/5818"}],"wp:attachment":[{"href":"https:\/\/barnenshus.nu\/index.php?rest_route=%2Fwp%2Fv2%2Fmedia&parent=239"}],"curies":[{"name":"wp","href":"https:\/\/api.w.org\/{rel}","templated":true}]}}