{"id":236,"date":"2011-04-17T11:40:10","date_gmt":"2011-04-17T09:40:10","guid":{"rendered":"https:\/\/barnenshus.nu\/?page_id=236"},"modified":"2016-11-05T23:57:02","modified_gmt":"2016-11-05T22:57:02","slug":"medlemssidor","status":"publish","type":"page","link":"https:\/\/barnenshus.nu\/?page_id=236","title":{"rendered":"Medlemssidor"},"content":{"rendered":"<p><span style=\"color: #000000;\">Medlemssidorna\u00a0\u00e4r fr\u00e4mst riktade till\u00a0v\u00e5rdnadshavare som redan har barn p\u00e5 f\u00f6rskolan, men information\u00a0kan \u00e4ven vara av intresse f\u00f6r dig som funderar p\u00e5 att l\u00e5ta ditt barn b\u00f6rja\u00a0h\u00e4r hos oss.<\/span><\/p>\n<p>&nbsp;<\/p>\n<div class=\"entry-content\">\n<p><span style=\"color: #000000;\">YTTERLIGAR INFORMATION<strong><br \/>\n<\/strong>V\u00e4lj bland \u201dMedlemssidornas\u201d undermenyer f\u00f6r mer information.<\/span><\/p>\n<\/div>\n","protected":false},"excerpt":{"rendered":"<p>Medlemssidorna\u00a0\u00e4r fr\u00e4mst riktade till\u00a0v\u00e5rdnadshavare som redan har barn p\u00e5 f\u00f6rskolan, men information\u00a0kan \u00e4ven vara av intresse f\u00f6r dig som funderar p\u00e5 att l\u00e5ta ditt barn b\u00f6rja\u00a0h\u00e4r hos oss. &nbsp; YTTERLIGAR INFORMATION V\u00e4lj bland \u201dMedlemssidornas\u201d undermenyer f\u00f6r mer information.<\/p>\n","protected":false},"author":1,"featured_media":0,"parent":0,"menu_order":0,"comment_status":"closed","ping_status":"closed","template":"full-width.php","meta":[],"_links":{"self":[{"href":"https:\/\/barnenshus.nu\/index.php?rest_route=\/wp\/v2\/pages\/236"}],"collection":[{"href":"https:\/\/barnenshus.nu\/index.php?rest_route=\/wp\/v2\/pages"}],"about":[{"href":"https:\/\/barnenshus.nu\/index.php?rest_route=\/wp\/v2\/types\/page"}],"author":[{"embeddable":true,"href":"https:\/\/barnenshus.nu\/index.php?rest_route=\/wp\/v2\/users\/1"}],"replies":[{"embeddable":true,"href":"https:\/\/barnenshus.nu\/index.php?rest_route=%2Fwp%2Fv2%2Fcomments&post=236"}],"version-history":[{"count":16,"href":"https:\/\/barnenshus.nu\/index.php?rest_route=\/wp\/v2\/pages\/236\/revisions"}],"predecessor-version":[{"id":5627,"href":"https:\/\/barnenshus.nu\/index.php?rest_route=\/wp\/v2\/pages\/236\/revisions\/5627"}],"wp:attachment":[{"href":"https:\/\/barnenshus.nu\/index.php?rest_route=%2Fwp%2Fv2%2Fmedia&parent=236"}],"curies":[{"name":"wp","href":"https:\/\/api.w.org\/{rel}","templated":true}]}}