{"id":233,"date":"2011-04-17T11:39:04","date_gmt":"2011-04-17T09:39:04","guid":{"rendered":"https:\/\/barnenshus.nu\/?page_id=233"},"modified":"2025-08-19T22:13:35","modified_gmt":"2025-08-19T20:13:35","slug":"om-barnens-hus","status":"publish","type":"page","link":"https:\/\/barnenshus.nu\/?page_id=233","title":{"rendered":"Barnens hus"},"content":{"rendered":"<p><span style=\"color: #000000;\">Montessorif\u00f6rskolan Barnens Hus har funnits sedan 1991 och \u00e4r en ekonomiskt stabil och ideell f\u00f6rening som drivs som ett f\u00f6r\u00e4ldrakooperativ. Ni hittar oss p\u00e5 Ekhagen med Bondbergets naturreservat som granne och \u00e4nd\u00e5 bara minuter fr\u00e5n Huskvarna och J\u00f6nk\u00f6ping. F\u00f6rskolan har plats f\u00f6r 60 barn f\u00f6rdelat p\u00e5 fyra avdelningar. Vi har eget k\u00f6k med v\u00e4llagad mat och stor andel ekologiska r\u00e5varor. F\u00f6rskolan har en genomt\u00e4nkt pedagogik d\u00e4r b\u00e5de milj\u00f6t\u00e4nk, m\u00e5ngfald och individuell utveckling \u00e4r viktig.<\/span><\/p>\n<p><span style=\"color: #000000;\">Vi drivs\u00a0som ett f\u00f6r\u00e4ldrakooperativ, d\u00e4r alla medlemmar p\u00e5 n\u00e5got s\u00e4tt deltar i f\u00f6reningens arbete (l\u00e4s mer under menyalternativet &#8221;Kooperativet&#8221;).\u00a0Vi till\u00e4mpar Montessoripedagogik och str\u00e4var efter att ta till vara barnens inneboende nyfikenhet och individuella f\u00f6ruts\u00e4ttningar (l\u00e4s mer\u00a0under menyalternativet &#8221;Montessori&#8221;). Verksamheten styrs utifr\u00e5n skollagen och l\u00e4roplan f\u00f6r f\u00f6rskolan.<\/span><\/p>\n<p><span style=\"color: #000000;\">V\u00c5R VISION<strong><br \/>\n<\/strong><em>&#8221;En f\u00f6rskola med h\u00f6g kvalit\u00e9 d\u00e4r barn, personal och f\u00f6r\u00e4ldrar k\u00e4nner trygghet och d\u00e4r v\u00e5ra barn kan utvecklas till <span style=\"color: #000000;\">sj\u00e4lvst\u00e4ndiga, ansvarstagande m\u00e4nniskor med en livsl\u00e5ng lust att l\u00e4ra.&#8221;<\/span><\/em><\/span><\/p>\n<p><span style=\"color: #000000;\">V\u00c5RA V\u00c4RDERINGAR<\/span><br \/>\n<span style=\"color: #000000;\"> V\u00e5r str\u00e4van\u00a0p\u00e5 f\u00f6rskolan \u00e4r att inget barn ska bli diskriminerat, trakasserat eller utsatt f\u00f6r annan kr\u00e4nkande behandling, d\u00e4rf\u00f6r p\u00e5g\u00e5r ett systematiskt likabehandlingsarbete. Arbetet ska vara att fr\u00e4mja barns lika r\u00e4ttigheter oavsett k\u00f6n, k\u00f6ns\u00f6verskridande identitet eller uttryck, etnisk tillh\u00f6righet, religion eller annan trosuppfattning, funktionsneds\u00e4ttning, sexuell l\u00e4ggning eller \u00e5lder samt f\u00f6rebygga och f\u00f6rhindra diskriminering, trakasserier och kr\u00e4nkande behandling.\u00a0<\/span><\/p>\n<p><span style=\"color: #000000;\">V\u00c5RA STADGAR<\/span><br \/>\n<span style=\"color: #000000;\">H\u00e4r kan du l\u00e4sa f\u00f6rskolans stadgar. <\/span><br \/>\n<span style=\"color: #000000;\">Dokumentet \u00f6ppnas i ett nytt f\u00f6nster: &#8221;<a href=\"https:\/\/barnenshus.nu\/wp-content\/uploads\/Dokument\/Stadgar%20Barnens%20Hus.pdf\" target=\"_blank\" rel=\"noopener noreferrer\">Barnens Hus Stadgar.pdf<\/a>&#8221;<\/span><\/p>\n<p><span style=\"color: #000000;\">V\u00c5R KVALITETSREDOVISNING<\/span><br \/>\n<span style=\"color: #000000;\">Kvalitetsredovisning ger en bild och bed\u00f6mning av kvaliteten och m\u00e5luppfyllelsen f\u00f6r Montessorif\u00f6rskolan Barnens Hus verksamhets\u00e5r. Kvalitetsredovisningen beskriver p\u00e5 olika s\u00e4tt f\u00f6rskolan, den redovisar \u00e5rets resultat och analys av kvaliteten och f\u00f6rslag till f\u00f6rb\u00e4ttringar, den tar upp vad som lyftes fram i f\u00f6reg\u00e5ende \u00e5rs kvalitetsredovisning och den beskriver hur f\u00f6rskolan arbetar med likabehandlingsplan och plan mot kr\u00e4nkande behandling. Syftet med redovisningen \u00e4r att ge information om verksamheten och dess m\u00e5luppfyllelse, men framf\u00f6rallt att bidra till kvalitetsutveckling och f\u00f6rverkliga de nationella m\u00e5len i l\u00e4roplanerna.\u00a0<\/span><\/p>\n<p><span style=\"color: #000000;\">TILLSYNSRAPPORT<\/span><br \/>\n<span style=\"color: #000000;\"> Skolinspektionen svarar f\u00f6r tillsynen av de kommunala f\u00f6rskolorna och kommunerna svarar f\u00f6r tillsynen av de frist\u00e5ende f\u00f6rskolor som finns i kommunen. Nedan kan du l\u00e4sa J\u00f6nk\u00f6pings Kommuns senaste tillsynsrapport hos Barnens Hus.<\/span><\/p>\n<p><span style=\"color: #000000;\">Dokumentet \u00f6ppnas i ett nytt f\u00f6nster: &#8221;<a href=\"https:\/\/barnenshus.nu\/wp-content\/uploads\/Dokument\/Tillsynsbes\u00f6k%202020.pdf\" target=\"_blank\" rel=\"noopener noreferrer\">Tillsynsrapport 2020.pdf<\/a>&#8221;<\/span><\/p>\n<p><span style=\"color: #000000;\">YTTERLIGARE INFORMATION<\/span><br \/>\n<span style=\"color: #000000;\"> V\u00e4lj bland &#8221;Barnens Hus&#8221; undermenyer f\u00f6r mer information.<\/span><\/p>\n","protected":false},"excerpt":{"rendered":"<p>Montessorif\u00f6rskolan Barnens Hus har funnits sedan 1991 och \u00e4r en ekonomiskt stabil och ideell f\u00f6rening som drivs som ett f\u00f6r\u00e4ldrakooperativ. Ni hittar oss p\u00e5 Ekhagen med Bondbergets naturreservat som granne och \u00e4nd\u00e5 bara minuter fr\u00e5n Huskvarna och J\u00f6nk\u00f6ping. F\u00f6rskolan har plats f\u00f6r 60 barn f\u00f6rdelat p\u00e5 fyra avdelningar. Vi har eget k\u00f6k med v\u00e4llagad mat&#8230; <\/p>\n","protected":false},"author":1,"featured_media":5815,"parent":0,"menu_order":0,"comment_status":"closed","ping_status":"closed","template":"full-width.php","meta":[],"_links":{"self":[{"href":"https:\/\/barnenshus.nu\/index.php?rest_route=\/wp\/v2\/pages\/233"}],"collection":[{"href":"https:\/\/barnenshus.nu\/index.php?rest_route=\/wp\/v2\/pages"}],"about":[{"href":"https:\/\/barnenshus.nu\/index.php?rest_route=\/wp\/v2\/types\/page"}],"author":[{"embeddable":true,"href":"https:\/\/barnenshus.nu\/index.php?rest_route=\/wp\/v2\/users\/1"}],"replies":[{"embeddable":true,"href":"https:\/\/barnenshus.nu\/index.php?rest_route=%2Fwp%2Fv2%2Fcomments&post=233"}],"version-history":[{"count":57,"href":"https:\/\/barnenshus.nu\/index.php?rest_route=\/wp\/v2\/pages\/233\/revisions"}],"predecessor-version":[{"id":6063,"href":"https:\/\/barnenshus.nu\/index.php?rest_route=\/wp\/v2\/pages\/233\/revisions\/6063"}],"wp:featuredmedia":[{"embeddable":true,"href":"https:\/\/barnenshus.nu\/index.php?rest_route=\/wp\/v2\/media\/5815"}],"wp:attachment":[{"href":"https:\/\/barnenshus.nu\/index.php?rest_route=%2Fwp%2Fv2%2Fmedia&parent=233"}],"curies":[{"name":"wp","href":"https:\/\/api.w.org\/{rel}","templated":true}]}}